{"id":42,"date":"2018-12-06T03:30:24","date_gmt":"2018-12-06T03:30:24","guid":{"rendered":"https:\/\/inesnorton.com\/?page_id=42"},"modified":"2024-02-13T20:48:17","modified_gmt":"2024-02-13T20:48:17","slug":"exhibitions","status":"publish","type":"page","link":"https:\/\/inesnorton.com\/en\/exhibitions\/","title":{"rendered":"Exhibitions"},"content":{"rendered":"<p><strong>Solo Exhibitions (selection)<\/strong><\/p>\n<p>2014 | Portuguese Cultural Center, Luanda<\/p>\n<p>2017 | Show me gallery, Barcelos<\/p>\n<p>2018 | Centro para Assuntos da Arte e Arquitectura,\u00a0 CAAA, Guimar\u00e3es<\/p>\n<p>2018 | Quartel de Arte Contempor\u00e2nea de Abrantes &#8211; Colec\u00e7\u00e3o Figueiredo Ribeiro, Abrantes<\/p>\n<p>2019 | MNAC , Museu Nacional de Arte Contempor\u00e2nea do Chiado, Lisboa<\/p>\n<p>2021 | UMALULIK Galeria, Lisboa<\/p>\n<p>2021 | Espa\u00e7o MIRA FORUM, Porto<\/p>\n<p>&nbsp;<\/p>\n<p><strong>Group Exhibitions (selection)<\/strong><\/p>\n<p>2010 | Trienal de Luanda, Luanda<\/p>\n<p>2013 | Bienal de S\u00e3o Tom\u00e9 e Pr\u00edncipe, S\u00e3o Tom\u00e9<\/p>\n<p>2013 | London Factory Art, Londres<\/p>\n<p>2014 | Convent St.Agosti, Barcelona<\/p>\n<p>2014 | Art Copenhague Forum, Copenhague<\/p>\n<p>2015 | Miguel Justino, Contemporary Gallery, Lisboa<\/p>\n<p>2016 | Contemporary Arte Center, M\u00e1laga<\/p>\n<p>2017 | XIX Bienal de Cerveira, Cerveira<\/p>\n<p>2017 | Le Consulat, Lisbon<\/p>\n<p>2019 | UCLA, Lisboa<\/p>\n<p>2019 | Centro de Arte Oliva, S\u00e3o Jo\u00e3o da Madeira<\/p>\n<p>2019 | Galeria Presen\u00e7a, Porto<\/p>\n<p>2019 | Forum Arte Braga, Braga<\/p>\n<p>2019 | Remote | SP55 Art Gallery S\u00e3o Paulo &#8211; Lisboa<\/p>\n<p>2020 | Harddisk Museum, Paris, Online<\/p>\n<p>2020 | Museu Colec\u00e7\u00e3o Berardo &#8211; CCB \/ Project Map, Lisboa<\/p>\n<p>2020 | Casa Niemeyer, Bras\u00edlia<\/p>\n<p>2020 | Altar, Mosteiro Tib\u00e3es, Braga<\/p>\n<p>2020 | VERDE, Estufa Fria, Lisboa<\/p>\n<p>&nbsp;<\/p>\n<p><strong>Collections (selection)<\/strong><\/p>\n<p>Sindika Dokolo, private collection | Angola<\/p>\n<p>CAC | \u00a0M\u00e1laga<\/p>\n<p>Luciano Benetton Collection | Italia<\/p>\n<p>Atlantic Private Bank | Angola<\/p>\n<p>Cam\u00f5es Institute | Angola<\/p>\n<p>Colec\u00e7\u00e3o Figueiredo Ribeiro | Portugal<\/p>\n<p>Museum Bienal of Cerveira Collection | Portugal<\/p>\n<p>National Museum of Contemporary Art in Chiado | Portugal<\/p>\n<p>Otiima &#8211; Artworks | Portugal<\/p>\n<p>Harddisk Museum Collection | Paris<\/p>\n<p><strong>Bibliography<\/strong><\/p>\n<p>Portuguese Emerging Art 2017, Torres Vedras, EMERGE, 2017<\/p>\n<p>Da Pop Art \u00e0s Transvanguardas, XIX\u00a0 Internacional Art Bienal of Cerveira, 2017<\/p>\n<p>Cat\u00e1logo &#8220;Do meu lugar o que eu vejo&#8221;, Quartel de Arte Contempor\u00e2nea, Abrantes, 2018<\/p>\n<p>Cat\u00e1logo &#8220;Please (do not) touch&#8221;, Museu de Arte Contempor\u00e2nea do Chiado, 2019<\/p>\n<p>Cat\u00e1logo G\u00c9NESIS 2:1, Encontros da Imagem Braga-Porto, 2021<\/p>\n<p><strong>Awards<\/strong><\/p>\n<p>Revelation artist award, XIX Bienal de Cerveira<\/p>\n","protected":false},"excerpt":{"rendered":"<p>Solo Exhibitions (selection) 2014 | Portuguese Cultural Center, Luanda 2017 | Show me gallery, Barcelos 2018 | Centro para Assuntos da Arte e Arquitectura,\u00a0 CAAA, Guimar\u00e3es 2018 | Quartel de Arte Contempor\u00e2nea de Abrantes &#8211; Colec\u00e7\u00e3o Figueiredo Ribeiro, Abrantes 2019 | MNAC , Museu Nacional de Arte Contempor\u00e2nea do Chiado, Lisboa 2021 | UMALULIK Galeria, [&hellip;]<\/p>\n","protected":false},"author":1,"featured_media":0,"parent":0,"menu_order":0,"comment_status":"closed","ping_status":"closed","template":"","meta":{"_acf_changed":false,"footnotes":""},"class_list":["post-42","page","type-page","status-publish","hentry"],"acf":[],"_links":{"self":[{"href":"https:\/\/inesnorton.com\/en\/wp-json\/wp\/v2\/pages\/42","targetHints":{"allow":["GET"]}}],"collection":[{"href":"https:\/\/inesnorton.com\/en\/wp-json\/wp\/v2\/pages"}],"about":[{"href":"https:\/\/inesnorton.com\/en\/wp-json\/wp\/v2\/types\/page"}],"author":[{"embeddable":true,"href":"https:\/\/inesnorton.com\/en\/wp-json\/wp\/v2\/users\/1"}],"replies":[{"embeddable":true,"href":"https:\/\/inesnorton.com\/en\/wp-json\/wp\/v2\/comments?post=42"}],"version-history":[{"count":33,"href":"https:\/\/inesnorton.com\/en\/wp-json\/wp\/v2\/pages\/42\/revisions"}],"predecessor-version":[{"id":985,"href":"https:\/\/inesnorton.com\/en\/wp-json\/wp\/v2\/pages\/42\/revisions\/985"}],"wp:attachment":[{"href":"https:\/\/inesnorton.com\/en\/wp-json\/wp\/v2\/media?parent=42"}],"curies":[{"name":"wp","href":"https:\/\/api.w.org\/{rel}","templated":true}]}}